{"id":2189,"date":"2020-10-09T21:29:45","date_gmt":"2020-10-09T19:29:45","guid":{"rendered":"https:\/\/inlingua-france.fr\/?page_id=2189"},"modified":"2020-10-12T15:44:30","modified_gmt":"2020-10-12T13:44:30","slug":"learn-more","status":"publish","type":"page","link":"https:\/\/inlingua-france.fr\/en\/learn-more\/","title":{"rendered":"Learn more"},"content":{"rendered":"\n<div class=\"sq-grid\">\n  <div class=\"sq-item green minh2 p6\"><div><h2 class=\"large\">All about inlingua<\/h2><p>Your questions, figures, news&#8230;<\/p><\/div><\/div>\n  <div class=\"sq-item\"><img decoding=\"async\" src=\"https:\/\/inlingua-france.fr\/wp-content\/themes\/inlingua\/img\/img17.jpg\"><\/div>\n<\/div>\n\n\n\n<div style=\"height:40px\" aria-hidden=\"true\" class=\"wp-block-spacer\"><\/div>\n\n\n\n<p class=\"has-large-font-size p9\"><strong>You have questions?<\/strong> We have responded to the most common. If you can&#8217;t find the information you are looking for, please contact us!<\/p>\n\n\n\n<div class=\"wp-block-pb-accordion-item c-accordion__item js-accordion-item no-js p92\" data-initially-open=\"false\" data-click-to-close=\"true\" data-auto-close=\"true\" data-scroll=\"false\" data-scroll-offset=\"0\"><h3 id=\"at-82495\" class=\"c-accordion__title js-accordion-controller\" role=\"button\">How can I take advantage of my CPF to train myself in a language?<\/h3><div id=\"ac-82495\" class=\"c-accordion__content\">\n<p>To find out what rights have been acquired on your CPF, log on to &#8220;My training account&#8221;, personal and secure.<\/p>\n\n\n\n<p>If your account has not yet been activated, have your social security number ready<\/p>\n\n\n\n<p>Website: https:\/\/www.moncompteformation.gouv.fr\/espace-prive\/html\/#\/<\/p>\n\n\n\n<p>On smartphone: download the application <strong>My training account<\/strong><\/p>\n\n\n\n<p>Your account gives you personalized information, in particular on:<\/p>\n\n\n\n<ul class=\"wp-block-list\"><li>acquired rights and those used<\/li><li>and training, as well as their mode of financing, from which you can benefit.<\/li><\/ul>\n\n\n\n<p><strong>To find the right language training for you, contact the inlingua center near you.<\/strong><\/p>\n<\/div><\/div>\n\n\n\n<div class=\"wp-block-pb-accordion-item c-accordion__item js-accordion-item no-js p92\" data-initially-open=\"false\" data-click-to-close=\"true\" data-auto-close=\"true\" data-scroll=\"false\" data-scroll-offset=\"0\"><h3 id=\"at-98761\" class=\"c-accordion__title js-accordion-controller\" role=\"button\">What languages can I learn with inlingua?<\/h3><div id=\"ac-98761\" class=\"c-accordion__content\">\n<p>More than 20 languages are available in our courses, including: German, English, Arabic, Bengali, Brazilian, Catalan, Chinese, Korean, Danish, Spanish, Flemish, Hindi, Greek, Italian, Japanese, Dutch, Portuguese, Russian, Turkish, Vietnamese.<\/p>\n<\/div><\/div>\n\n\n\n<div class=\"wp-block-pb-accordion-item c-accordion__item js-accordion-item no-js p92\" data-initially-open=\"false\" data-click-to-close=\"true\" data-auto-close=\"true\" data-scroll=\"false\" data-scroll-offset=\"0\"><h3 id=\"at-74104\" class=\"c-accordion__title js-accordion-controller\" role=\"button\"><strong>How to effectively learn a foreign language?<\/strong><\/h3><div id=\"ac-74104\" class=\"c-accordion__content\">\n<p>Learning a foreign language, just like learning our mother tongue, depends entirely on oral practice. The acquisition of automatisms goes through intensive training, and by the desire to communicate. In return, the positive results of our efforts contribute to our empowerment and confidence.<\/p>\n\n\n\n<p>The inlingua method is based on these principles, oral, training, confidence and the acquisition of the reflexes necessary for spontaneous communication.<\/p>\n\n\n\n<p>Thanks to questioning and discovery techniques, learners guided, facilitated, encouraged by specialized trainers allow an efficient, rapid and lasting acquisition and this in the pleasure of learning, discovering and communicating.<\/p>\n\n\n\n<p>From the start, you have the floor and you are constantly active, thanks not only to oral activities but also thanks to various scenarios in professional or personal life.<\/p>\n\n\n\n<p>The frequency of face-to-face lessons, for the acquisition of reflexes and spontaneity is crucial; you can compare learning a language to sports training. Two face-to-face sessions per week is a minimum for solid results and practice between classes is strongly recommended. It can take various forms: reading, listening, watching films, but also daring to express oneself without complex in professional or personal life.<\/p>\n\n\n\n<p>In summary, the more you practice, the better you speak and communicate, without fear of mistakes, which on the contrary are part of learning. The trainers help you take the right reflexes, choose the right vocabulary or grammatical formula. They will advise you and build with you the courses adapted to your needs, objectives and your learning methods.<\/p>\n\n\n\n<p>By formulating your course objectives at each session and validating it at the end of the session, you quickly gain confidence and sustainably. At inlingua, you have the floor.<\/p>\n<\/div><\/div>\n\n\n\n<div class=\"wp-block-pb-accordion-item c-accordion__item js-accordion-item no-js p92\" data-initially-open=\"false\" data-click-to-close=\"true\" data-auto-close=\"true\" data-scroll=\"false\" data-scroll-offset=\"0\"><h3 id=\"at-27649\" class=\"c-accordion__title js-accordion-controller\" role=\"button\">How much does training cost?<\/h3><div id=\"ac-27649\" class=\"c-accordion__content\">\n<p>Our trainings are personalized and adapt to your needs and goals. Their prices therefore vary from case to case. For more information on the price of the training you are interested in, please contact us.<\/p>\n<\/div><\/div>\n\n\n\n<div class=\"wp-block-pb-accordion-item c-accordion__item js-accordion-item no-js p92\" data-initially-open=\"false\" data-click-to-close=\"true\" data-auto-close=\"true\" data-scroll=\"false\" data-scroll-offset=\"0\"><h3 id=\"at-78194\" class=\"c-accordion__title js-accordion-controller\" role=\"button\">Why did they choose inlingua?<\/h3><div id=\"ac-78194\" class=\"c-accordion__content\">\n<p>Inlingua today has 30 training centers in France and 320 internationally, we are capitalizing on the strength of our network to offer you the best language training.<\/p>\n<\/div><\/div>\n\n\n\n<div style=\"height:40px\" aria-hidden=\"true\" class=\"wp-block-spacer\"><\/div>\n\n\n\n<div class=\"in-grid\">\n  <div class=\"item fp12\"><img decoding=\"async\" src=\"https:\/\/inlingua-france.fr\/wp-content\/themes\/inlingua\/img\/img10.jpg\" alt=\"\"><\/div>\n  <div class=\"item fp14 green\"><div><h3>inlingua in 2019 is:<\/h3><p style=\"transform:translateY(40px)\"><\/p><\/div><\/div>\n  <div class=\"item fp14 grey p2\"><h3>10,110 trainees<\/h3><\/div>\n  <div class=\"item fp14 grey p2\"><h3>270,410 hours of training<\/h3><\/div>\n  <div class=\"item fp14 white\" style=\"min-height:140px\"><h3>333 trainers<\/h3><\/div>\n<\/div>\n\n\n\n<div class=\"in-grid\">\n  <div class=\"item fp13\"><img decoding=\"async\" src=\"https:\/\/inlingua-france.fr\/wp-content\/themes\/inlingua\/img\/img19.jpg\" alt=\"\"><\/div>\n  <div class=\"item fp14 white\"><div><h6>Mariane C.<br>consultant<\/h6><p>&#8220;Thumbs up for the excellent teaching method and the warmth of the native speaking teachers. A big advantage for the accent.&#8221;<\/p><\/div><\/div>\n  <div class=\"item fp14 grey p2\"><div><h6>Victor D.<br>student<\/h6><p>&#8220;The online method is very efficient. English has become easier to use.&#8221;<\/p><\/div><\/div>\n  <div class=\"item fp14 green\"><div><h6>Christine G.<br>company director<\/h6><p>&#8220;I\u2019m very satisfied as I now have the necessary skills and am able to use English in my job. I have reached the level that I wanted.&#8221;<\/p><\/div><\/div>\n  <div class=\"item fp14 white\"><div><h6>Jean P.<br>computer technician<\/h6><p>&#8220;Great course, totally answering my requirements. The trainer adapted the training to my field and subject matter.&#8221;<\/p><\/div><\/div>\n<\/div>\n\n\n\n<div class=\"wp-block-cover has-background-dim\" style=\"background-color:#eeeded\"><div class=\"wp-block-cover__inner-container is-layout-flow wp-block-cover-is-layout-flow\">\n<div style=\"height:20px\" aria-hidden=\"true\" class=\"wp-block-spacer\"><\/div>\n\n\n\n<p style=\"font-size:18px\" class=\"has-text-color has-text-align-center has-very-dark-gray-color\">Partners<\/p>\n\n\n\n<h1 class=\"has-very-dark-gray-color has-text-color has-text-align-center wp-block-heading\">They trust us<\/h1>\n\n\n\n<div align=\"center\"><img decoding=\"async\" src=\"https:\/\/inlingua-france.fr\/wp-content\/themes\/inlingua\/img\/logo-adeo.png\" class=\"p2\">\n<img decoding=\"async\" src=\"https:\/\/inlingua-france.fr\/wp-content\/themes\/inlingua\/img\/logo-alstom.png\" class=\"p2\" width=\"250\">\n<img decoding=\"async\" src=\"https:\/\/inlingua-france.fr\/wp-content\/themes\/inlingua\/img\/logo-altedia.png\" class=\"p2\">\n<img decoding=\"async\" src=\"https:\/\/inlingua-france.fr\/wp-content\/themes\/inlingua\/img\/logo-arcelor-mittal.png\" class=\"p2\">\n<img decoding=\"async\" src=\"https:\/\/inlingua-france.fr\/wp-content\/themes\/inlingua\/img\/logo-bertrandt.png\" class=\"p3\">\n<img decoding=\"async\" src=\"https:\/\/inlingua-france.fr\/wp-content\/themes\/inlingua\/img\/logo-carrefour.png\" class=\"p2\">\n<img decoding=\"async\" src=\"https:\/\/inlingua-france.fr\/wp-content\/themes\/inlingua\/img\/logo-coca-cola.png\" class=\"p2\">\n<img decoding=\"async\" src=\"https:\/\/inlingua-france.fr\/wp-content\/themes\/inlingua\/img\/logo-ecolab.png\" class=\"p3\">\n<img decoding=\"async\" src=\"https:\/\/inlingua-france.fr\/wp-content\/themes\/inlingua\/img\/logo-fidal.png\" class=\"p2\">\n<img decoding=\"async\" src=\"https:\/\/inlingua-france.fr\/wp-content\/themes\/inlingua\/img\/logo-kiloutou.png\" class=\"p2\">\n<img decoding=\"async\" src=\"https:\/\/inlingua-france.fr\/wp-content\/themes\/inlingua\/img\/logo-leroy-merlin.png\" class=\"p2\">\n<img decoding=\"async\" src=\"https:\/\/inlingua-france.fr\/wp-content\/themes\/inlingua\/img\/logo-lille-metropole.png\" class=\"p2\">\n<img decoding=\"async\" src=\"https:\/\/inlingua-france.fr\/wp-content\/themes\/inlingua\/img\/logo-nike.png\" class=\"p2\">\n<img decoding=\"async\" src=\"https:\/\/inlingua-france.fr\/wp-content\/themes\/inlingua\/img\/logo-ovh.png\" class=\"p2\">\n<img decoding=\"async\" src=\"https:\/\/inlingua-france.fr\/wp-content\/themes\/inlingua\/img\/logo-safran.png\" class=\"p2\">\n<img decoding=\"async\" src=\"https:\/\/inlingua-france.fr\/wp-content\/themes\/inlingua\/img\/logo-sncf.png\" class=\"p2\">\n<img decoding=\"async\" src=\"https:\/\/inlingua-france.fr\/wp-content\/themes\/inlingua\/img\/logo-stelia.png\" class=\"p2\">\n<img decoding=\"async\" src=\"https:\/\/inlingua-france.fr\/wp-content\/themes\/inlingua\/img\/logo-thales.png\" class=\"p2\">\n<img decoding=\"async\" src=\"https:\/\/inlingua-france.fr\/wp-content\/themes\/inlingua\/img\/logo-worldline.png\" class=\"p2\"><\/div>\n\n\n\n<div style=\"height:20px\" aria-hidden=\"true\" class=\"wp-block-spacer\"><\/div>\n<\/div><\/div>\n\n\n\n<div class=\"sq-grid\">\n  <div class=\"sq-item\"><img decoding=\"async\" src=\"https:\/\/inlingua-france.fr\/wp-content\/themes\/inlingua\/img\/img20.jpg\"><\/div>\n  <div class=\"sq-item green minh2\"><div><p class=\"th\">News<\/p><h2 class=\"large\">\u2153 of the French have already had to give up a job because of their level of English<\/h2><\/div><\/div>\n<\/div>\n\n\n\n<div id=\"blurb\" class=\"grey\">\n<div class=\"triangle2\"><\/div>\n<p>Foreign language study apps are on the rise on download platforms and are said to revolutionize language learning. They allow you to practice grammar points and can be a very rewarding way to enrich your vocabulary. But their effectiveness is debated, especially when it comes to skills such as written and spoken expression. This is why many scientists and specialists recommend using them in support of a learning method based on exchange and oral communication.<\/p>\n<\/div>\n\n\n\n<div class=\"md-grid single\">\n  <div class=\"md-item white minh2 p4\"><div><h3>Peut-on vraiment apprendre une langue \u00e9trang\u00e8re avec une appli ?<\/h3><p style=\"padding-top:20px\" class=\"hide-on-mobile\"><a onclick=\"displayBlurb1()\" style=\"cursor:pointer;color:#000\"><img decoding=\"async\" src=\"https:\/\/inlingua-france.fr\/wp-content\/themes\/inlingua\/svg\/plus-circle-black.svg\"><\/a><\/p><\/div><\/div>\n  <div class=\"md-item green blurb hide-on-tablet hide-on-desktop\"><div><div class=\"triangle2\"><\/div><p>Foreign language study applications are multiplying on download platforms and are said to revolutionize language learning. They allow you to practice grammar points and can be a very rewarding way to enrich your vocabulary. But their effectiveness is debated, especially when it comes to skills such as written and spoken expression. This is why many scientists and specialists recommend using them in support of a learning method based on exchange and oral communication.<\/p><\/div><\/div>\n  <div class=\"md-item grey minh2 p4\"><div><h3>Les langues \u00e9trang\u00e8res qui offrent les meilleures r\u00e9mun\u00e9rations<\/h3><p style=\"padding-top:20px\" class=\"hide-on-mobile\"><a onclick=\"displayBlurb2()\" style=\"cursor:pointer;color:#000\"><img decoding=\"async\" src=\"https:\/\/inlingua-france.fr\/wp-content\/themes\/inlingua\/svg\/plus-circle-black.svg\"><\/a><\/p><\/div><\/div>\n  <div class=\"md-item green blurb hide-on-tablet hide-on-desktop\"><div><div class=\"triangle2\"><\/div><p>According to a study by the job platform Adzuna.com conducted at the end of 2018, Japanese took first place on the podium, followed by English and Russian.<\/p><\/div><\/div>\n  <div class=\"md-item white minh2 p4\"><div><h3>Parler plusieurs langues, c\u2019est bon pour la sant\u00e9&nbsp;!<\/h3><p style=\"padding-top:20px\" class=\"hide-on-mobile\"><a onclick=\"displayBlurb3()\" style=\"cursor:pointer;color:#000\"><img decoding=\"async\" src=\"https:\/\/inlingua-france.fr\/wp-content\/themes\/inlingua\/svg\/plus-circle-black.svg\"><\/a><\/p><\/div><\/div>\n  <div class=\"md-item green blurb hide-on-tablet hide-on-desktop\"><div><div class=\"triangle2\"><\/div><p>And especially for the health of your brain! Indeed, several studies carried out in recent years have shown that individuals who speak several languages manage to concentrate more easily and are more gifted for analytical and artistic tasks. They process the information contained in words more quickly and are also able to distinguish more easily, in their environment, the essential from the accessory. Good to know: the appearance of the first signs of Alzheimer&#8217;s disease goes back more than four years for bilingual people.<\/p><\/div><\/div>\n<\/div>\n\n\n\n<div id=\"blurb1\" class=\"green blurb\" style=\"display:none;\"><div class=\"triangle2\"><\/div>\n<p>Foreign language study applications are multiplying on download platforms and are said to revolutionize language learning. They allow you to practice grammar points and can be a very rewarding way to enrich your vocabulary. But their effectiveness is debated, especially when it comes to skills such as written and spoken expression. This is why many scientists and specialists recommend using them in support of a learning method based on exchange and oral communication.<\/p><\/div>\n<div id=\"blurb2\" class=\"green blurb\" style=\"display:none;\"><div class=\"triangle2\"><\/div>\n<p>According to a study by the job platform Adzuna.com conducted at the end of 2018, Japanese took first place on the podium, followed by English and Russian.<\/p><\/div>\n<div id=\"blurb3\" class=\"green blurb\" style=\"display:none;\"><div class=\"triangle2\"><\/div>\n<p>And especially for the health of your brain! Indeed, several studies carried out in recent years have shown that individuals who speak several languages manage to concentrate more easily and are more gifted for analytical and artistic tasks. They process the information contained in words more quickly and are also able to distinguish more easily, in their environment, the essential from the accessory. Good to know: the appearance of the first signs of Alzheimer&#8217;s disease goes back more than four years for bilingual people.<\/p><\/div>\n\n\n\n<script>\t \t \n var x = document.getElementById(\"blurb1\");\n var y = document.getElementById(\"blurb2\");\n var z = document.getElementById(\"blurb3\");\nfunction displayBlurb1() {\n if (x.style.display === \"none\") {x.style.display = \"block\";y.style.display = \"none\";z.style.display = \"none\";} else {x.style.display = \"none\";}\n}\nfunction displayBlurb2() {\n if (y.style.display === \"none\") {y.style.display = \"block\";x.style.display = \"none\";z.style.display = \"none\";} else {y.style.display = \"none\";}\n}\nfunction displayBlurb3() {\n if (z.style.display === \"none\") {z.style.display = \"block\";x.style.display = \"none\";y.style.display = \"none\";} else {z.style.display = \"none\";}\n}\n<\/script>\n\n\n\n<p><\/p>\n","protected":false},"excerpt":{"rendered":"<p>All about inlingua Your questions, figures, news&#8230; You have questions? We have responded to the most common. If you can&#8217;t find the information you are looking for, please contact us! inlingua in 2019 is: 10,110 trainees 270,410 hours of training 333 trainers Mariane C.consultant &#8220;Thumbs up for the excellent teaching method and the warmth of &#8230; <a title=\"Learn more\" class=\"read-more\" href=\"https:\/\/inlingua-france.fr\/en\/learn-more\/\" aria-label=\"Read more about Learn more\">Read more<\/a><\/p>\n","protected":false},"author":3,"featured_media":0,"parent":0,"menu_order":0,"comment_status":"closed","ping_status":"closed","template":"","meta":{"_acf_changed":false,"_seopress_robots_primary_cat":"","_seopress_titles_title":"","_seopress_titles_desc":"","_seopress_robots_index":"","footnotes":""},"class_list":["post-2189","page","type-page","status-publish"],"acf":[],"_links":{"self":[{"href":"https:\/\/inlingua-france.fr\/en\/wp-json\/wp\/v2\/pages\/2189","targetHints":{"allow":["GET"]}}],"collection":[{"href":"https:\/\/inlingua-france.fr\/en\/wp-json\/wp\/v2\/pages"}],"about":[{"href":"https:\/\/inlingua-france.fr\/en\/wp-json\/wp\/v2\/types\/page"}],"author":[{"embeddable":true,"href":"https:\/\/inlingua-france.fr\/en\/wp-json\/wp\/v2\/users\/3"}],"replies":[{"embeddable":true,"href":"https:\/\/inlingua-france.fr\/en\/wp-json\/wp\/v2\/comments?post=2189"}],"version-history":[{"count":3,"href":"https:\/\/inlingua-france.fr\/en\/wp-json\/wp\/v2\/pages\/2189\/revisions"}],"predecessor-version":[{"id":2309,"href":"https:\/\/inlingua-france.fr\/en\/wp-json\/wp\/v2\/pages\/2189\/revisions\/2309"}],"wp:attachment":[{"href":"https:\/\/inlingua-france.fr\/en\/wp-json\/wp\/v2\/media?parent=2189"}],"curies":[{"name":"wp","href":"https:\/\/api.w.org\/{rel}","templated":true}]}}