{"id":2158,"date":"2020-10-09T16:13:05","date_gmt":"2020-10-09T14:13:05","guid":{"rendered":"https:\/\/inlingua-france.fr\/?page_id=2158"},"modified":"2020-10-11T09:52:28","modified_gmt":"2020-10-11T07:52:28","slug":"recruitment","status":"publish","type":"page","link":"https:\/\/inlingua-france.fr\/en\/recruitment\/","title":{"rendered":"Recruitment"},"content":{"rendered":"\n<div class=\"sq-grid\">\n  <div class=\"sq-item\"><img decoding=\"async\" src=\"https:\/\/inlingua-france.fr\/wp-content\/themes\/inlingua\/img\/img8.jpg\" alt=\"\"\/><\/div>\n  <div class=\"sq-item red mh2\"><div><h2 class=\"large\">Nous recrutons<\/h2><\/div><\/div>\n<\/div>\n\n<div style=\"height:40px\" aria-hidden=\"true\" class=\"wp-block-spacer\"><\/div>\n\n<p class=\"p9\"><strong>Nous Recherchons :<\/strong><\/p>\n\n<p class=\"p9\">Des formateurs natifs dans toutes les langues (anglais, espagnol, FLE, allemand, italien, portugais, &#8230;), de pr\u00e9f\u00e9rence ayant une experience de la formation en langues aupr\u00e8s des entreprises. Nous offrons des contrats \u00e0 dur\u00e9e ind\u00e9termin\u00e9e intermittents et des CDD de mission dans chacun de nos centres en France, une formation initiale \u00e0 notre m\u00e9thode p\u00e9dagogique, et des exp\u00e9riences vivantes au sein de nos \u00e9quipes de centre et avec chacun et chacune de nos stagiaires;<\/p>\n\n<p class=\"p9\">De jeunes commerciaux int\u00e9ress\u00e9s par le monde des langues, passionn\u00e9s par la formation, capables de prospecter, de d\u00e9velopper de nouveaux services puis de prendre en charge certains de nos clients.<\/p>\n\n<p class=\"p9\">N&#8217;h\u00e9sitez pas \u00e0 postuler en remplissant le formulaire ci-dessous !<\/p>\n\n<div style=\"height:30px\" aria-hidden=\"true\" class=\"wp-block-spacer\"><\/div>\n\n<div class=\"wp-block-cover has-background-dim\" style=\"background-color:#b3251c\"><div class=\"wp-block-cover__inner-container is-layout-flow wp-block-cover-is-layout-flow\">\n<h3 class=\"wp-block-heading\">Leave a message<\/h3>\n\n\n<div class=\"frm_forms  with_frm_style frm_style_formidable-style\" id=\"frm_form_2_container\" >\n<form enctype=\"multipart\/form-data\" method=\"post\" class=\"frm-show-form  frm_ajax_submit  frm_pro_form \" id=\"form_recrutement\" >\n<div class=\"frm_form_fields \">\n<fieldset>\n<legend class=\"frm_screen_reader\">Recrutement<\/legend>\r\n\r\n<div class=\"frm_fields_container\">\n<input type=\"hidden\" name=\"frm_action\" value=\"create\" \/>\n<input type=\"hidden\" name=\"form_id\" value=\"2\" \/>\n<input type=\"hidden\" name=\"frm_hide_fields_2\" id=\"frm_hide_fields_2\" value=\"\" \/>\n<input type=\"hidden\" name=\"form_key\" value=\"recrutement\" \/>\n<input type=\"hidden\" name=\"item_meta[0]\" value=\"\" \/>\n<input type=\"hidden\" id=\"frm_submit_entry_2\" name=\"frm_submit_entry_2\" value=\"6d9a1df6e2\" \/><input type=\"hidden\" name=\"_wp_http_referer\" value=\"\/en\/wp-json\/wp\/v2\/pages\/2158\" \/><div id=\"frm_field_12_container\" class=\"frm_form_field form-field  frm_required_field frm_none_container frm_first frm_fifth\">\r\n    <label for=\"field_qh4icy25f57ab48c\" id=\"field_qh4icy25f57ab48c_label\" class=\"frm_primary_label\">Pr\u00e9nom\r\n        <span class=\"frm_required\"><\/span>\r\n    <\/label>\r\n    <input  type=\"text\" id=\"field_qh4icy25f57ab48c\" name=\"item_meta[12]\" value=\"\"  placeholder=\"Pr\u00e9nom*\" data-reqmsg=\"Pr\u00e9nom cannot be blank.\" aria-required=\"true\" data-invmsg=\"Name is invalid\" aria-invalid=\"false\"   \/>\r\n    \r\n    \r\n<\/div>\n<div id=\"frm_field_13_container\" class=\"frm_form_field form-field  frm_required_field frm_none_container frm_fifth\">\r\n    <label for=\"field_5o2p6e1e7a062d4\" id=\"field_5o2p6e1e7a062d4_label\" class=\"frm_primary_label\">Nom\r\n        <span class=\"frm_required\"><\/span>\r\n    <\/label>\r\n    <input  type=\"text\" id=\"field_5o2p6e1e7a062d4\" name=\"item_meta[13]\" value=\"\"  placeholder=\"Nom*\" data-reqmsg=\"Nom cannot be blank.\" aria-required=\"true\" data-invmsg=\"Last is invalid\" aria-invalid=\"false\"   \/>\r\n    \r\n    \r\n<\/div>\n<div id=\"frm_field_18_container\" class=\"frm_form_field form-field  frm_required_field frm_none_container frm_fifth\">\r\n    <label for=\"field_v6k2ea4ae76918a\" id=\"field_v6k2ea4ae76918a_label\" class=\"frm_primary_label\">Telephone\r\n        <span class=\"frm_required\"><\/span>\r\n    <\/label>\r\n    <input type=\"tel\" id=\"field_v6k2ea4ae76918a\" name=\"item_meta[18]\" value=\"\"  placeholder=\"Telephone*\" data-reqmsg=\"Telephone cannot be blank.\" aria-required=\"true\" data-invmsg=\"Phone is invalid\" aria-invalid=\"false\" pattern=\"((\\+\\d{1,3}(-|.| )?\\(?\\d\\)?(-| |.)?\\d{1,5})|(\\(?\\d{2,6}\\)?))(-|.| )?(\\d{3,4})(-|.| )?(\\d{4})(( x| ext)\\d{1,5}){0,1}$\"  \/>\r\n    \r\n    \r\n<\/div>\n<div id=\"frm_field_17_container\" class=\"frm_form_field form-field  frm_required_field frm_none_container frm_two_fifths\">\r\n    <label for=\"field_29yf4df0837e9299\" id=\"field_29yf4df0837e9299_label\" class=\"frm_primary_label\">Email\r\n        <span class=\"frm_required\"><\/span>\r\n    <\/label>\r\n    <input type=\"email\" id=\"field_29yf4df0837e9299\" name=\"item_meta[17]\" value=\"\"  placeholder=\"Email*\" data-reqmsg=\"Email cannot be blank.\" aria-required=\"true\" data-invmsg=\"Please enter a valid email address\" aria-invalid=\"false\"  \/>\r\n    \r\n    \r\n<\/div>\n<div id=\"frm_field_16_container\" class=\"frm_form_field form-field  frm_required_field frm_none_container frm_first frm_half\">\r\n    <label for=\"field_ocfup1ccc834d979\" id=\"field_ocfup1ccc834d979_label\" class=\"frm_primary_label\">Poste recherch\u00e9\r\n        <span class=\"frm_required\"><\/span>\r\n    <\/label>\r\n    <input  type=\"text\" id=\"field_ocfup1ccc834d979\" name=\"item_meta[16]\" value=\"\"  placeholder=\"Poste recherch\u00e9*\" data-reqmsg=\"Poste recherch\u00e9 cannot be blank.\" aria-required=\"true\" data-invmsg=\"Last is invalid\" aria-invalid=\"false\"   \/>\r\n    \r\n    \r\n<\/div>\n<div id=\"frm_field_82_container\" class=\"frm_form_field form-field  frm_required_field frm_none_container frm_half\">\r\n    <label for=\"field_trdt2\" id=\"field_trdt2_label\" class=\"frm_primary_label\">Centre\r\n        <span class=\"frm_required\"><\/span>\r\n    <\/label>\r\n    \t\t<select name=\"item_meta[82]\" id=\"field_trdt2\"  data-placeholder=\"Centre*\"  placeholder=\"Centre*\" data-reqmsg=\"Centre cannot be blank.\" aria-required=\"true\" data-invmsg=\"Centre is invalid\" aria-invalid=\"false\"  >\n\t\t<option  class=\"frm-select-placeholder\" value=\"\" data-placeholder=\"true\">Centre*<\/option><option  value=\"Inlingua Aix-en-Provence\">Inlingua Aix-en-Provence<\/option><option  value=\"Inlingua Autun\">Inlingua Autun<\/option><option  value=\"Inlingua Bordeaux\">Inlingua Bordeaux<\/option><option  value=\"Inlingua Boulogne\">Inlingua Boulogne<\/option><option  value=\"Inlingua Caen\">Inlingua Caen<\/option><option  value=\"Inlingua Chalon\">Inlingua Chalon<\/option><option  value=\"Inlingua Compiegne\">Inlingua Compiegne<\/option><option  value=\"Inlingua Dijon\">Inlingua Dijon<\/option><option  value=\"Inlingua Dunkerque\">Inlingua Dunkerque<\/option><option  value=\"Inlingua Hazebrouck\">Inlingua Hazebrouck<\/option><option  value=\"Inlingua Henin Beaumont\">Inlingua Henin Beaumont<\/option><option  value=\"Inlingua La D\u00e9fense\">Inlingua La D\u00e9fense<\/option><option  value=\"Inlingua La Rochelle\">Inlingua La Rochelle<\/option><option  value=\"Inlingua Le Havre\">Inlingua Le Havre<\/option><option  value=\"Inlingua Lille\">Inlingua Lille<\/option><option  value=\"Inlingua Lyon - Bron\">Inlingua Lyon - Bron<\/option><option  value=\"Inlingua Lyon - Part Dieu\">Inlingua Lyon - Part Dieu<\/option><option  value=\"Inlingua Marcq en Baroeul\">Inlingua Marcq en Baroeul<\/option><option  value=\"Inlingua Marseille\">Inlingua Marseille<\/option><option  value=\"Inlingua Orleans\">Inlingua Orleans<\/option><option  value=\"Inlingua Paris\">Inlingua Paris<\/option><option  value=\"Inlingua Roissy\">Inlingua Roissy<\/option><option  value=\"Inlingua Rouen\">Inlingua Rouen<\/option><option  value=\"Inlingua Saint-Denis\">Inlingua Saint-Denis<\/option><option  value=\"Inlingua Toulouse\">Inlingua Toulouse<\/option><option  value=\"Inlingua Tours\">Inlingua Tours<\/option><option  value=\"Inlingua Valenciennes\">Inlingua Valenciennes<\/option><option  value=\"Inlingua V\u00e9lizy-Villacoublay\">Inlingua V\u00e9lizy-Villacoublay<\/option>\t<\/select>\n\t\r\n    \r\n    \r\n<\/div>\n<div id=\"frm_field_33_container\" class=\"frm_form_field form-field  frm_required_field frm_top_container frm_full\">\r\n    <div  id=\"field_6zy20_label\" class=\"frm_primary_label\">Pi\u00e8ce jointe\r\n        <span class=\"frm_required\">*<\/span>\r\n    <\/div>\r\n    <input type=\"hidden\"  data-reqmsg=\"Pi\u00e8ce jointe cannot be blank.\" data-invmsg=\"File Upload is invalid\" aria-invalid=\"false\"   name=\"item_meta[33][]\"  data-reqmsg=\"Pi\u00e8ce jointe cannot be blank.\"  value=\"\" data-frmfile=\"33\" \/>\n\n<div class=\"frm_dropzone frm_multi_upload frm_clearfix\" id=\"file33_dropzone\" role=\"group\" >\n\t<div class=\"fallback\">\n\t\t<input type=\"file\" name=\"file33[]\" id=\"field_6zy20\"\n\t\t\t data-frmfile=\"33\" multiple=\"multiple\"  data-reqmsg=\"Pi\u00e8ce jointe cannot be blank.\" data-invmsg=\"File Upload is invalid\" aria-invalid=\"false\"  \t\t\t\/>\n\t\t\t\t<div class=\"frm_clearfix \"><\/div>\n\t<\/div>\n\t<div class=\"dz-message needsclick\">\n\t\t\t\t<svg  viewBox=\"0 0 18 18\" class=\"frmsvg frm-svg-icon\">\n\t<path viewBox=\"0 0 18 18\" fill-rule=\"evenodd\" clip-rule=\"evenodd\" d=\"M8.2 4v8a.8.8 0 001.5 0V4l2.1 2.2A.7.7 0 1013 5L9.5 1.7a.7.7 0 00-1.1 0L5.1 5.2a.8.8 0 001 1l2.1-2zm7.6 4.3c.4 0 .7.3.7.7v6.8c0 .4-.3.7-.8.7H2.3a.8.8 0 01-.8-.8V9A.8.8 0 013 9v6h12V9c0-.4.3-.8.8-.8z\"><\/path>\n<\/svg>\t\t<span class=\"frm_upload_text\"><button type=\"button\" aria-label=\"Pi\u00e8ce jointe. D\u00e9poser un fichier ici ou cliquez pour t\u00e9l\u00e9charger. Maximum file size: 516MB\">D\u00e9poser un fichier ici ou cliquez pour t\u00e9l\u00e9charger<\/button><\/span>\n\t\t<span class=\"frm_compact_text\"><button type=\"button\" aria-label=\"Pi\u00e8ce jointe. Choisir le fichier. Maximum file size: 516MB\">Choisir le fichier<\/button><\/span>\n\t\t<div class=\"frm_small_text\">\n\t\t\t<p>Maximum file size: 516MB<\/p>\n\t\t<\/div>\n\t<\/div>\n<\/div>\n\t\r\n    \r\n    \r\n<\/div>\n<div id=\"frm_field_20_container\" class=\"frm_form_field form-field  frm_required_field frm_top_container frm_full\">\r\n    <label for=\"field_9jv0r1f0cb18367f\" id=\"field_9jv0r1f0cb18367f_label\" class=\"frm_primary_label\">\r\n        <span class=\"frm_required\"><\/span>\r\n    <\/label>\r\n    <textarea name=\"item_meta[20]\" id=\"field_9jv0r1f0cb18367f\" rows=\"5\"  placeholder=\"Your motivations\" data-reqmsg=\"This field cannot be blank.\" aria-required=\"true\" data-invmsg=\"This field is invalid\" aria-invalid=\"false\"  ><\/textarea>\r\n    \r\n    \r\n<\/div>\n<div id=\"frm_field_21_container\" class=\"frm_form_field form-field  frm_required_field frm_top_container frm_full vertical_radio\">\r\n    <div  id=\"field_74b1q053ae4febe_label\" class=\"frm_primary_label\">\r\n        <span class=\"frm_required\"><\/span>\r\n    <\/div>\r\n    <div class=\"frm_opt_container\" aria-labelledby=\"field_74b1q053ae4febe_label\" role=\"group\">\t\t<div class=\"frm_checkbox\" id=\"frm_checkbox_21-0\">\t\t\t<label  for=\"field_74b1q053ae4febe-0\">\n\t\t\t<input type=\"checkbox\" name=\"item_meta[21][]\" id=\"field_74b1q053ae4febe-0\" value=\"En saisissant ces informations j&#039;accepte qu&#039;elles soient exploit\u00e9es dans le cadre de ma demande de devis et de la relation commerciale qui pourrait en d\u00e9couler. Pour en savoir plus sur la politique de confidentialit\u00e9 d&#039;inlingua&lt;a href=&quot;https:\/\/inlingua-france.fr\/mentions-legales\/&quot; target=&quot;_blank&quot;&gt; cliquer ici&lt;\/a&gt;\"  data-reqmsg=\"This field cannot be blank.\" data-invmsg=\"This field is invalid\"   aria-required=\"true\"  \/> En saisissant ces informations j'accepte qu'elles soient exploit\u00e9es dans le cadre de ma demande de devis et de la relation commerciale qui pourrait en d\u00e9couler. Pour en savoir plus sur la politique de confidentialit\u00e9 d'inlingua<a href=\"https:\/\/inlingua-france.fr\/mentions-legales\/\" target=\"_blank\"> cliquer ici<\/a><\/label><\/div>\n<\/div>\r\n    \r\n    \r\n<\/div>\n<div id=\"frm_field_92_container\" class=\"frm_form_field form-field  frm_top_container frm_full vertical_radio\">\r\n    <div  id=\"field_fkmxp_label\" class=\"frm_primary_label\">\r\n        <span class=\"frm_required\"><\/span>\r\n    <\/div>\r\n    <div class=\"frm_opt_container\" aria-labelledby=\"field_fkmxp_label\" role=\"group\">\t\t<div class=\"frm_checkbox\" id=\"frm_checkbox_92-0\">\t\t\t<label  for=\"field_fkmxp-0\">\n\t\t\t<input type=\"checkbox\" name=\"item_meta[92][]\" id=\"field_fkmxp-0\" value=\"Recevoir une copie de cet e-mail.\"  data-invmsg=\"This field is invalid\"   \/> Recevoir une copie de cet e-mail.<\/label><\/div>\n<\/div>\r\n    \r\n    \r\n<\/div>\n<div id=\"frm_field_196_container\" class=\"frm_form_field form-field \">\r\n\t<div class=\"frm_submit\">\r\n\r\n<button class=\"frm_button_submit frm_final_submit\" type=\"submit\"   formnovalidate=\"formnovalidate\">Envoyer<\/button>\r\n\r\n<\/div>\r\n<\/div>\n\t<input type=\"hidden\" name=\"item_key\" value=\"\" \/>\n\t\t\t<div id=\"frm_field_226_container\">\n\t\t\t<label for=\"field_xrrwf\" >\n\t\t\t\tIf you are human, leave this field blank.\t\t\t<\/label>\n\t\t\t<input  id=\"field_xrrwf\" type=\"text\" class=\"frm_form_field form-field frm_verify\" name=\"item_meta[226]\" value=\"\"  \/>\n\t\t<\/div>\n\t\t<input name=\"frm_state\" type=\"hidden\" value=\"TyK3bizcJVBhOC9as8MI5v1+AfumhBu2AnlvKztSHmZX86Qrp6gqA7LvE4ZBfyVS\" \/><\/div>\n<\/fieldset>\n<\/div>\n\n<\/form>\n<\/div>\n\n\n\n\n<p style=\"font-size:14px\">* These fields are required<\/p>\n<\/div><\/div>\n","protected":false},"excerpt":{"rendered":"<p>Nous recrutons Nous Recherchons : Des formateurs natifs dans toutes les langues (anglais, espagnol, FLE, allemand, italien, portugais, &#8230;), de pr\u00e9f\u00e9rence ayant une experience de la formation en langues aupr\u00e8s des entreprises. Nous offrons des contrats \u00e0 dur\u00e9e ind\u00e9termin\u00e9e intermittents et des CDD de mission dans chacun de nos centres en France, une formation initiale &#8230; <a title=\"Recruitment\" class=\"read-more\" href=\"https:\/\/inlingua-france.fr\/en\/recruitment\/\" aria-label=\"Read more about Recruitment\">Read more<\/a><\/p>\n","protected":false},"author":3,"featured_media":0,"parent":0,"menu_order":0,"comment_status":"closed","ping_status":"closed","template":"","meta":{"_acf_changed":false,"_seopress_robots_primary_cat":"","_seopress_titles_title":"","_seopress_titles_desc":"","_seopress_robots_index":"","footnotes":""},"class_list":["post-2158","page","type-page","status-publish"],"acf":[],"_links":{"self":[{"href":"https:\/\/inlingua-france.fr\/en\/wp-json\/wp\/v2\/pages\/2158","targetHints":{"allow":["GET"]}}],"collection":[{"href":"https:\/\/inlingua-france.fr\/en\/wp-json\/wp\/v2\/pages"}],"about":[{"href":"https:\/\/inlingua-france.fr\/en\/wp-json\/wp\/v2\/types\/page"}],"author":[{"embeddable":true,"href":"https:\/\/inlingua-france.fr\/en\/wp-json\/wp\/v2\/users\/3"}],"replies":[{"embeddable":true,"href":"https:\/\/inlingua-france.fr\/en\/wp-json\/wp\/v2\/comments?post=2158"}],"version-history":[{"count":4,"href":"https:\/\/inlingua-france.fr\/en\/wp-json\/wp\/v2\/pages\/2158\/revisions"}],"predecessor-version":[{"id":2198,"href":"https:\/\/inlingua-france.fr\/en\/wp-json\/wp\/v2\/pages\/2158\/revisions\/2198"}],"wp:attachment":[{"href":"https:\/\/inlingua-france.fr\/en\/wp-json\/wp\/v2\/media?parent=2158"}],"curies":[{"name":"wp","href":"https:\/\/api.w.org\/{rel}","templated":true}]}}