{"id":1389,"date":"2020-07-21T07:10:35","date_gmt":"2020-07-21T05:10:35","guid":{"rendered":"https:\/\/inlingua-france.fr\/?page_id=1389"},"modified":"2020-10-09T15:44:28","modified_gmt":"2020-10-09T13:44:28","slug":"contact-center","status":"publish","type":"page","link":"https:\/\/inlingua-france.fr\/en\/contact-center\/","title":{"rendered":"Contact Center"},"content":{"rendered":"\n<div class=\"sq-grid minh5\">\n  <div class=\"sq-item yellow minh2 p6\"><div><h2>The Inlingua teams are at your disposal to support you in your language training projects.<\/h2>\n<\/div><\/div>\n  <div id=\"map\" class=\"sq-item map\"><\/div>\n<\/div>\n\n\n\n<script>\nvar map;\nvar InforObj = [];\nvar centerCords = {lat: 47.5, lng: 2};\nvar markersOnMap = [{\n  placeName: \"Aix-en-Provence\", slug: \"aix-en-provence\",\n  LatLng: [{lat: 43.48337, lng: 5.3827}],\n  info: \"Nlingua Aix en Provence - B\u00e2timent Hemiris<br>115 Rue Claude Nicolas Ledoux<br>13290 Aix en Provence\",\n  tel: \"+33 806 80 68 00\"\n},{\n  placeName: \"Autun\", slug: \"autun\",\n  LatLng: [{lat: 47.135502, lng: 5.03879}],\n  info: \"1 Rue Valmy<br>71400 Autun\",\n  tel: \"+33 3 80 600 280\"\n},{\n  placeName: \"Bordeaux\", slug: \"bordeaux\",\n  LatLng: [{lat: 44.8368, lng: -0.690525}],\n  info: \"13 Avenue Henri Becquerel - Bat J<br>33700 M\u00e9rignac\",\n  tel: \"+33 5 56 17 10 33\"\n},{\n  placeName: \"Boulogne-sur-mer\", slug: \"boulogne-sur-mer\",\n  LatLng: [{lat: 50.68811, lng: 1.62174}],\n  info: \"30 Boulevard de la Liane<br>62360 Saint-L\u00e9onard\",\n  tel: \"+33 3 21 10 50 10\"\n},{\n  placeName: \"Dijon\", slug: \"dijon\",\n  LatLng: [{lat: 47.355103, lng: 5.037848}],\n  info: \"20 Rue des Grandes Varennes<br>21121 Ahuy\",\n  tel: \"+33 3 80 60 02 80\"\n},{\n  placeName: \"Caen\", slug: \"caen\",\n  LatLng: [{lat: 49.202736, lng: -0.388782}],\n  info: \"10 Rue Colonel R\u00e9my<br>14000 Caen\",\n  tel: \"+33 825 81 28 02\"\n},{\n  placeName: \"Chalon\", slug: \"chalon\",\n  LatLng: [{lat: 46.780342, lng: 4.84636}],\n  info: \"30 Avenue Victor Hugo<br>71100 Chalon sur Sa\u00f4ne\",\n  tel: \"+33 3 85 44 18 08\"\n},{\n  placeName: \"Compiegne\", slug: \"compiegne\",\n  LatLng: [{lat: 49.390945, lng: 2.790573}],\n  info: \"2 Rue Nicephore Niepce<br>60200 Compi\u00e8gne\",\n  tel: \"+33 3 44 23 42 75\"\n},{\n  placeName: \"Dunkerque\", slug: \"dunkerque\",\n  LatLng: [{lat: 51.00749, lng: 2.31162}],\n  info: \"1 Rue Galil\u00e9e<br>Parc de l'\u00c9toile - B\u00e2timent A<br>59760 Grande-Synthe\",\n  tel: \"+33 3 28 21 20 30\"\n},{\n  placeName: \"Hazebrouck\", slug: \"hazebrouck\",\n  LatLng: [{lat: 50.720253, lng: 2.539047}],\n  info: \"41 Avenue de Mal Delattre de Tassigny<br>59190 Hazebrouck\",\n  tel: \"+33 3 28 43 19 19\"\n},{\n  placeName: \"Henin Beaumont\", slug: \"henin-beaumont\",\n  LatLng: [{lat: 50.413812, lng: 2.969424}],\n  info: \"Ecoparc du Bord des Eaux<br>Boulevard Miroslav Holler<br>62110 H\u00e9nin-Beaumont\",\n  tel: \"+33 3 21 13 84 84\"\n},{\n  placeName: \"La Rochelle\", slug: \"la-rochelle\",\n  LatLng: [{lat: 46.139717, lng: -1.158811}],\n  info: \"3 Rue Alfred Kastler<br>17000 La Rochelle\",\n  tel: \"+33 5 40 00 02 00\"\n},{\n  placeName: \"Le Havre\", slug: \"le-havre\",\n  LatLng: [{lat: 49.504555, lng: 0.14006}],\n  info: \"132 Rue Salvador Allende<br>76610 Le Havre\",\n  tel: \"+33 2 35 21 80 42\"\n},{\n  placeName: \"Lille\", slug: \"lille\",\n  LatLng: [{lat: 50.606365, lng: 3.046044}],\n  info: \"12 Rue de Cannes<br>59000 Lille\",\n  tel: \"+33 3 28 16 00 00\"\n},{\n  placeName: \"Lyon - Bron\", slug: \"lyon-bron\",\n  LatLng: [{lat: 45.728192, lng: 4.942299}],\n  info: \"B14 - A\u00e9roport de Lyon-Bron<br>69599 Bron\",\n  tel: \"+33 4 78 62 72 57\"\n},{\n  placeName: \"Lyon - Part Dieu\", slug: \"lyon-part-dieu\",\n  LatLng: [{lat: 45.763081, lng: 4.854892}],\n  info: \"20 Boulevard Eug\u00e8ne Deruelle<br>69003 Lyon\",\n  tel: \"+33 4 78 62 72 57\"\n},{\n  placeName: \"Marcq en Baroeul\", slug: \"marcq-en-baroeul\",\n  LatLng: [{lat: 50.672073, lng: 3.11764}],\n  info: \"Parc Europe<br>340 Avenue de la Marne - B\u00e2timent 10<br>59700 Marcq en Baroeul\",\n  tel: \"+33 3 20 89 04 04\"\n},{\n  placeName: \"Marseille\", slug: \"marseille\",\n  LatLng: [{lat: 43.29839, lng: 5.37438}],\n  info: \"World Trade Center Marseille<br>Centre d\u2019Affaires<br>2 Rue Henri Barbusse<br>13001 Marseille\",\n  tel: \"+33 806 80 68 00\"\n},{\n  placeName: \"Orleans\", slug: \"orleans\",\n  LatLng: [{lat: 47.908722, lng: 1.899613}],\n  info: \"2 Rue de Patay<br>45000 Orl\u00e9ans\",\n  tel: \"+33 2 38 53 73 75\"\n},{\n  placeName: \"Rouen\", slug: \"rouen\",\n  LatLng: [{lat: 49.384567, lng: 1.021626}],\n  info: \"1690 Rue Aristide Briand<br>76650 Petit Couronne\",\n  tel: \"+33 2 31 21 80 42\"\n},{\n  placeName: \"Toulouse\", slug: \"toulouse\",\n  LatLng: [{lat: 43.568222, lng: 1.388542}],\n  info: \"9 Rue Michel Labrousse<br>Park Avenue - Immeuble B\u00e9ryl 2<br>31100 Toulouse\",\n  tel: \"+33 5 61 44 10 77\"\n},{\n  placeName: \"Tours\", slug: \"tours\",\n  LatLng: [{lat: 47.43269, lng: 0.703955}],\n  info: \"25 Rue de la Milleti\u00e8re<br>37100 Tours\",\n  tel: \"+33 2 72 88 36 64\"\n},{\n  placeName: \"Valenciennes\", slug: \"valenciennes\",\n  LatLng: [{lat: 50.33812, lng: 3.451501}],\n  info: \"Parc d'activit\u00e9 de l'a\u00e9rodrome ouest<br>1 Rue Louis Duvant<br>59220 Rouvignies\",\n  tel: \"+33 3 27 29 49 49\"\n}\n];\n\nfunction addMarkerInfo() {\n  for (var i = 0; i < markersOnMap.length; i++) {\n    var contentString = '<div id=\"content\"><h3>Inlingua ' + markersOnMap[i].placeName +'<\/h3><p>' + markersOnMap[i].info + '<br>' + markersOnMap[i].tel + '<\/p><p><a href=\"https:\/\/inlingua-france.fr\/en\/center\/inlingua-' + markersOnMap[i].slug + '\/\">Access the center page<\/a><\/p><p><a href=\"https:\/\/inlingua-france.fr\/en\/contact-center\/?loc=' + markersOnMap[i].placeName + '#form\">Contact Us<\/a><\/p><\/div>';\n\n    const marker = new google.maps.Marker({position: markersOnMap[i].LatLng[0], map: map});\n    const infowindow = new google.maps.InfoWindow({content: contentString, maxWidth: 350});\n\n    marker.addListener('click', function () {\n      closeOtherInfo();\n      infowindow.open(marker.get('map'), marker);\n      InforObj[0] = infowindow;\n    });\n  }\n}\n\nfunction closeOtherInfo() {\n  if (InforObj.length > 0) {\n    \/* detach the info-window from the marker ... undocumented in the API docs *\/\n    InforObj[0].set(\"marker\", null);\n    \/* and close it *\/\n    InforObj[0].close();\n    \/* blank the array *\/\n    InforObj.length = 0;\n  }\n}\n\nfunction initMap() {\n  map = new google.maps.Map(document.getElementById('map'), {zoom: 6, center: centerCords});\n  addMarkerInfo();\n}\n<\/script>\n<script async=\"\" defer=\"\" src=\"https:\/\/maps.googleapis.com\/maps\/api\/js?key=AIzaSyDbRh9jRbqEadCsI-UZy6tXDVJLI6PQHIw&amp;callback=initMap\"><\/script>\n<a name=\"form\"><\/a>\n\n\n\n<div class=\"wp-block-cover has-background-dim\" style=\"background-color:#b3251c;min-height:525px;aspect-ratio:unset;\"><div class=\"wp-block-cover__inner-container is-layout-flow wp-block-cover-is-layout-flow\">\n<h3 class=\"wp-block-heading\">Leave a message<\/h3>\n\n\n<div class=\"frm_forms  with_frm_style frm_style_formidable-style\" id=\"frm_form_4_container\" >\n<form enctype=\"multipart\/form-data\" method=\"post\" class=\"frm-show-form  frm_ajax_submit  frm_pro_form \" id=\"form_contact-centre\" >\n<div class=\"frm_form_fields \">\n<fieldset>\n<legend class=\"frm_screen_reader\">Contacter Centre <\/legend>\r\n\r\n<div class=\"frm_fields_container\">\n<input type=\"hidden\" name=\"frm_action\" value=\"create\" \/>\n<input type=\"hidden\" name=\"form_id\" value=\"4\" \/>\n<input type=\"hidden\" name=\"frm_hide_fields_4\" id=\"frm_hide_fields_4\" value=\"\" \/>\n<input type=\"hidden\" name=\"form_key\" value=\"contact-centre\" \/>\n<input type=\"hidden\" name=\"item_meta[0]\" value=\"\" \/>\n<input type=\"hidden\" id=\"frm_submit_entry_4\" name=\"frm_submit_entry_4\" value=\"6d9a1df6e2\" \/><input type=\"hidden\" name=\"_wp_http_referer\" value=\"\/en\/wp-json\/wp\/v2\/pages\/1389\" \/><div id=\"frm_field_34_container\" class=\"frm_form_field form-field  frm_required_field frm_none_container frm_first frm_fourth\">\r\n    <label for=\"field_qh4icyb85d381b18\" id=\"field_qh4icyb85d381b18_label\" class=\"frm_primary_label\">Pr\u00e9nom\r\n        <span class=\"frm_required\"><\/span>\r\n    <\/label>\r\n    <input  type=\"text\" id=\"field_qh4icyb85d381b18\" name=\"item_meta[34]\" value=\"\"  placeholder=\"Pr\u00e9nom*\" data-reqmsg=\"Pr\u00e9nom cannot be blank.\" aria-required=\"true\" data-invmsg=\"Name is invalid\" aria-invalid=\"false\"   \/>\r\n    \r\n    \r\n<\/div>\n<div id=\"frm_field_35_container\" class=\"frm_form_field form-field  frm_required_field frm_none_container frm_fourth\">\r\n    <label for=\"field_5o2p6c528752898\" id=\"field_5o2p6c528752898_label\" class=\"frm_primary_label\">Nom\r\n        <span class=\"frm_required\"><\/span>\r\n    <\/label>\r\n    <input  type=\"text\" id=\"field_5o2p6c528752898\" name=\"item_meta[35]\" value=\"\"  placeholder=\"Nom*\" data-reqmsg=\"Nom cannot be blank.\" aria-required=\"true\" data-invmsg=\"Last is invalid\" aria-invalid=\"false\"   \/>\r\n    \r\n    \r\n<\/div>\n<div id=\"frm_field_70_container\" class=\"frm_form_field form-field  frm_required_field frm_none_container frm_fourth\">\r\n    <label for=\"field_g1han\" id=\"field_g1han_label\" class=\"frm_primary_label\">Centre\r\n        <span class=\"frm_required\"><\/span>\r\n    <\/label>\r\n    <input  type=\"text\" id=\"field_g1han\" name=\"item_meta[70]\" value=\"Inlingua \"  readonly=\"readonly\"  data-frmval=\"Inlingua \" data-reqmsg=\"Centre cannot be blank.\" aria-required=\"true\" data-invmsg=\"Text is invalid\" aria-invalid=\"false\"   \/>\r\n    \r\n    \r\n<\/div>\n<div id=\"frm_field_38_container\" class=\"frm_form_field form-field  frm_none_container frm_fourth\">\r\n    <label for=\"field_ocfup1a4fa30aa1e\" id=\"field_ocfup1a4fa30aa1e_label\" class=\"frm_primary_label\">Soci\u00e9t\u00e9\r\n        <span class=\"frm_required\"><\/span>\r\n    <\/label>\r\n    <input  type=\"text\" id=\"field_ocfup1a4fa30aa1e\" name=\"item_meta[38]\" value=\"\"  placeholder=\"Soci\u00e9t\u00e9\" data-invmsg=\"Last is invalid\" aria-invalid=\"false\"   \/>\r\n    \r\n    \r\n<\/div>\n<div id=\"frm_field_39_container\" class=\"frm_form_field form-field  frm_required_field frm_none_container frm_first frm_fifth\">\r\n    <label for=\"field_29yf4d305ea0ab2c\" id=\"field_29yf4d305ea0ab2c_label\" class=\"frm_primary_label\">Email\r\n        <span class=\"frm_required\"><\/span>\r\n    <\/label>\r\n    <input type=\"email\" id=\"field_29yf4d305ea0ab2c\" name=\"item_meta[39]\" value=\"\"  placeholder=\"Email*\" data-reqmsg=\"Email cannot be blank.\" aria-required=\"true\" data-invmsg=\"S&#039;il vous pla\u00eet, mettez une adresse email valide\" aria-invalid=\"false\"  \/>\r\n    \r\n    \r\n<\/div>\n<div id=\"frm_field_40_container\" class=\"frm_form_field form-field  frm_required_field frm_none_container frm_fifth\">\r\n    <label for=\"field_v6k2eb8b9c57185\" id=\"field_v6k2eb8b9c57185_label\" class=\"frm_primary_label\">Telephone\r\n        <span class=\"frm_required\"><\/span>\r\n    <\/label>\r\n    <input type=\"tel\" id=\"field_v6k2eb8b9c57185\" name=\"item_meta[40]\" value=\"\"  placeholder=\"Telephone*\" data-reqmsg=\"Telephone cannot be blank.\" aria-required=\"true\" data-invmsg=\"Le t\u00e9l\u00e9phone n&#039;est pas valide\" aria-invalid=\"false\" pattern=\"((\\+\\d{1,3}(-|.| )?\\(?\\d\\)?(-| |.)?\\d{1,5})|(\\(?\\d{2,6}\\)?))(-|.| )?(\\d{3,4})(-|.| )?(\\d{4})(( x| ext)\\d{1,5}){0,1}$\"  \/>\r\n    \r\n    \r\n<\/div>\n<div id=\"frm_field_41_container\" class=\"frm_form_field form-field  frm_required_field frm_none_container frm_three_fifths\">\r\n    <label for=\"field_yxyq318b549a151\" id=\"field_yxyq318b549a151_label\" class=\"frm_primary_label\">Je souhaite\r\n        <span class=\"frm_required\"><\/span>\r\n    <\/label>\r\n    \t\t<select name=\"item_meta[41]\" id=\"field_yxyq318b549a151\"  data-placeholder=\"Je voudrais*\"  placeholder=\"Je voudrais*\" data-reqmsg=\"Je souhaite cannot be blank.\" aria-required=\"true\" data-invmsg=\"Je souhaite is invalid\" aria-invalid=\"false\"  >\n\t\t<option  class=\"frm-select-placeholder\" value=\"\" data-placeholder=\"true\">Je voudrais*<\/option><option  value=\"Me former gr\u00e2ce \u00e0 mon CPF\">Me former gr\u00e2ce \u00e0 mon CPF<\/option><option  value=\"Former mes employ\u00e9s\">Former mes employ\u00e9s<\/option><option  value=\"Avoir plus d&#039;informations\">Avoir plus d&#039;informations<\/option><option  value=\"Autre\">Autre<\/option>\t<\/select>\n\t\r\n    \r\n    \r\n<\/div>\n<div id=\"frm_field_42_container\" class=\"frm_form_field form-field  frm_required_field frm_none_container frm_full\">\r\n    <label for=\"field_9jv0r13f7577359d\" id=\"field_9jv0r13f7577359d_label\" class=\"frm_primary_label\">Message\r\n        <span class=\"frm_required\"><\/span>\r\n    <\/label>\r\n    <textarea name=\"item_meta[42]\" id=\"field_9jv0r13f7577359d\" rows=\"5\"  placeholder=\"Details\" data-reqmsg=\"Message cannot be blank.\" aria-required=\"true\" data-invmsg=\"Message is invalid\" aria-invalid=\"false\"  ><\/textarea>\r\n    \r\n    \r\n<\/div>\n<div id=\"frm_field_43_container\" class=\"frm_form_field form-field  frm_required_field frm_top_container frm_full vertical_radio\">\r\n    <div  id=\"field_74b1q765af3dfcd_label\" class=\"frm_primary_label\">\r\n        <span class=\"frm_required\"><\/span>\r\n    <\/div>\r\n    <div class=\"frm_opt_container\" aria-labelledby=\"field_74b1q765af3dfcd_label\" role=\"group\">\t\t<div class=\"frm_checkbox\" id=\"frm_checkbox_43-0\">\t\t\t<label  for=\"field_74b1q765af3dfcd-0\">\n\t\t\t<input type=\"checkbox\" name=\"item_meta[43][]\" id=\"field_74b1q765af3dfcd-0\" value=\"En saisissant ces informations j&#039;accepte qu&#039;elles soient exploit\u00e9es dans le cadre de ma demande de devis et de la relation commerciale qui pourrait en d\u00e9couler. Pour en savoir plus sur la politique de confidentialit\u00e9 d&#039;inlingua&lt;a href=&quot;https:\/\/inlingua-france.fr\/mentions-legales\/&quot; target=&quot;_blank&quot;&gt; cliquer ici&lt;\/a&gt;\"  data-reqmsg=\"This field cannot be blank.\" data-invmsg=\"This field is invalid\"   aria-required=\"true\"  \/> En saisissant ces informations j'accepte qu'elles soient exploit\u00e9es dans le cadre de ma demande de devis et de la relation commerciale qui pourrait en d\u00e9couler. Pour en savoir plus sur la politique de confidentialit\u00e9 d'inlingua<a href=\"https:\/\/inlingua-france.fr\/mentions-legales\/\" target=\"_blank\"> cliquer ici<\/a><\/label><\/div>\n<\/div>\r\n    \r\n    \r\n<\/div>\n<div id=\"frm_field_91_container\" class=\"frm_form_field form-field  frm_top_container frm_full vertical_radio\">\r\n    <div  id=\"field_bqrvr_label\" class=\"frm_primary_label\">\r\n        <span class=\"frm_required\"><\/span>\r\n    <\/div>\r\n    <div class=\"frm_opt_container\" aria-labelledby=\"field_bqrvr_label\" role=\"group\">\t\t<div class=\"frm_checkbox\" id=\"frm_checkbox_91-1\">\t\t\t<label  for=\"field_bqrvr-1\">\n\t\t\t<input type=\"checkbox\" name=\"item_meta[91][]\" id=\"field_bqrvr-1\" value=\"Recevoir une copie de cet e-mail.\"  data-invmsg=\"This field is invalid\"   \/> Recevoir une copie de cet e-mail.<\/label><\/div>\n<\/div>\r\n    \r\n    \r\n<\/div>\n<div id=\"frm_field_203_container\" class=\"frm_form_field form-field \">\r\n\t<div class=\"frm_submit\">\r\n\r\n<button class=\"frm_button_submit frm_final_submit\" type=\"submit\"   formnovalidate=\"formnovalidate\">Envoyer<\/button>\r\n\r\n<\/div>\r\n<\/div>\n\t<input type=\"hidden\" name=\"item_key\" value=\"\" \/>\n\t\t\t<div id=\"frm_field_226_container\">\n\t\t\t<label for=\"field_6h3jc\" >\n\t\t\t\tIf you are human, leave this field blank.\t\t\t<\/label>\n\t\t\t<input  id=\"field_6h3jc\" type=\"text\" class=\"frm_form_field form-field frm_verify\" name=\"item_meta[226]\" value=\"\"  \/>\n\t\t<\/div>\n\t\t<input name=\"frm_state\" type=\"hidden\" value=\"TyK3bizcJVBhOC9as8MI5hf9kAbSi+bbtciaGdWNUIlUL6t4PI5oN3SqaVvCsqTq9va0RgA65fpwNV2BaUPnog==\" \/><\/div>\n<\/fieldset>\n<\/div>\n\n<\/form>\n<\/div>\n\n\n\n\n<p style=\"font-size:14px\">* These fields are required<\/p>\n<\/div><\/div>\n","protected":false},"excerpt":{"rendered":"<p>The Inlingua teams are at your disposal to support you in your language training projects.<\/p>\n","protected":false},"author":3,"featured_media":0,"parent":0,"menu_order":0,"comment_status":"closed","ping_status":"closed","template":"","meta":{"_acf_changed":false,"_seopress_robots_primary_cat":"","_seopress_titles_title":"","_seopress_titles_desc":"","_seopress_robots_index":"","footnotes":""},"class_list":["post-1389","page","type-page","status-publish"],"acf":[],"_links":{"self":[{"href":"https:\/\/inlingua-france.fr\/en\/wp-json\/wp\/v2\/pages\/1389","targetHints":{"allow":["GET"]}}],"collection":[{"href":"https:\/\/inlingua-france.fr\/en\/wp-json\/wp\/v2\/pages"}],"about":[{"href":"https:\/\/inlingua-france.fr\/en\/wp-json\/wp\/v2\/types\/page"}],"author":[{"embeddable":true,"href":"https:\/\/inlingua-france.fr\/en\/wp-json\/wp\/v2\/users\/3"}],"replies":[{"embeddable":true,"href":"https:\/\/inlingua-france.fr\/en\/wp-json\/wp\/v2\/comments?post=1389"}],"version-history":[{"count":10,"href":"https:\/\/inlingua-france.fr\/en\/wp-json\/wp\/v2\/pages\/1389\/revisions"}],"predecessor-version":[{"id":2155,"href":"https:\/\/inlingua-france.fr\/en\/wp-json\/wp\/v2\/pages\/1389\/revisions\/2155"}],"wp:attachment":[{"href":"https:\/\/inlingua-france.fr\/en\/wp-json\/wp\/v2\/media?parent=1389"}],"curies":[{"name":"wp","href":"https:\/\/api.w.org\/{rel}","templated":true}]}}