{"id":1346,"date":"2020-07-21T04:49:06","date_gmt":"2020-07-21T02:49:06","guid":{"rendered":"https:\/\/inlingua-france.fr\/?page_id=1346"},"modified":"2026-03-09T09:04:47","modified_gmt":"2026-03-09T08:04:47","slug":"centers","status":"publish","type":"page","link":"https:\/\/inlingua-france.fr\/en\/centers\/","title":{"rendered":"Centers"},"content":{"rendered":"\t\t<div data-elementor-type=\"wp-page\" data-elementor-id=\"1346\" class=\"elementor elementor-1346 elementor-503\" data-elementor-post-type=\"page\">\n\t\t\t\t<div class=\"elementor-element elementor-element-a338df0 e-flex e-con-boxed e-con e-parent\" data-id=\"a338df0\" data-element_type=\"container\" data-e-type=\"container\">\n\t\t\t\t\t<div class=\"e-con-inner\">\n\t\t<div class=\"elementor-element elementor-element-53cd3b6 e-con-full e-flex e-con e-child\" data-id=\"53cd3b6\" data-element_type=\"container\" data-e-type=\"container\" data-settings=\"{&quot;background_background&quot;:&quot;classic&quot;}\">\n\t\t\t\t<div class=\"elementor-element elementor-element-180e0c8 elementor-widget elementor-widget-heading\" data-id=\"180e0c8\" data-element_type=\"widget\" data-e-type=\"widget\" data-widget_type=\"heading.default\">\n\t\t\t\t<div class=\"elementor-widget-container\">\n\t\t\t\t\t<h1 class=\"elementor-heading-title elementor-size-default\">Contact the inlingua center closest to you !<\/h1>\t\t\t\t<\/div>\n\t\t\t\t<\/div>\n\t\t\t\t<\/div>\n\t\t<div class=\"elementor-element elementor-element-7a7457a e-con-full e-flex e-con e-child\" data-id=\"7a7457a\" data-element_type=\"container\" data-e-type=\"container\">\n\t\t<div class=\"elementor-element elementor-element-07c7e4b e-con-full e-flex e-con e-child\" data-id=\"07c7e4b\" data-element_type=\"container\" data-e-type=\"container\">\n\t\t\t\t<div class=\"elementor-element elementor-element-a9605f6 elementor-widget elementor-widget-html\" data-id=\"a9605f6\" data-element_type=\"widget\" data-e-type=\"widget\" data-widget_type=\"html.default\">\n\t\t\t\t<div class=\"elementor-widget-container\">\n\t\t\t\t\t<div id=\"map\" class=\"sq-item minh5 map\"><\/div>\r\n<script src=\"https:\/\/maps.googleapis.com\/maps\/api\/js?key=AIzaSyDC0ZOK7oRtkCiH33PcwMtg9sl0hXyS7ic&amp;callback=initMap\" defer=\"\" async=\"\"><\/script>\t\t\t\t<\/div>\n\t\t\t\t<\/div>\n\t\t\t\t<\/div>\n\t\t\t\t<div class=\"elementor-element elementor-element-044111f elementor-widget elementor-widget-html\" data-id=\"044111f\" data-element_type=\"widget\" data-e-type=\"widget\" data-widget_type=\"html.default\">\n\t\t\t\t<div class=\"elementor-widget-container\">\n\t\t\t\t\t<script>\nvar map;\nvar InforObj = [];\nvar centerCords = {lat: 47.5, lng: 2};\nvar markersOnMap = [{\n  placeName: \"Autun\", slug: \"autun\",\n  LatLng: [{lat: 46.950879, lng: 4.301718}],\n  info: \"1 Rue Valmy<br>71400 Autun\",\n  tel: \"+33 3 80 600 280\"\n},\n{\n  placeName: \"Saint-Denis\", slug: \"saintdenis\",\n  LatLng: [{lat: 48.9210004, lng: 2.3592312}],\n  info: \"ZAC des Cornillons 7-11 Rue des gazom\u00e8tres <br> 93210 LA PLAINE ST DENIS\",\n  tel: \"01 44 21 81 20\"\n},{\n  placeName: \"Beauvais\", slug: \"beauvais\",\n  LatLng: [{lat: 49.431331, lng: 2.0795494}],\n  info: \"1 place Saint Barth\u00e9l\u00e9my<br>60000 Beauvais\",\n  tel: \"+33 3 44 14 00 85\"\n},\n{\n  placeName: \"La D\u00e9fense\", slug: \"ladefense\",\n  LatLng: [{lat: 48.8922598, lng: 2.232953}],\n  info: \"7 Cours Valmy 1 <br> 92800 Puteaux\",\n  tel: \"01 44 21 81 20\"\n},\n{\n  placeName: \"Bordeaux\", slug: \"bordeaux\",\n  LatLng: [{lat: 44.8368, lng: -0.690525}],\n  info: \"13 Avenue Henri Becquerel - Bat J<br>33700 M\u00e9rignac\",\n  tel: \"+33 5 56 17 10 33\"\n},{\n  placeName: \"Boulogne-sur-mer\", slug: \"boulogne-sur-mer\",\n  LatLng: [{lat: 50.68811, lng: 1.62174}],\n  info: \"30 Boulevard de la Liane<br>62360 Saint-L\u00e9onard\",\n  tel: \"+33 3 21 10 50 10\"\n},{\n  placeName: \"Dijon\", slug: \"dijon\",\n  LatLng: [{lat: 47.355103, lng: 5.037848}],\n  info: \"20 Rue des Grandes Varennes<br>21121 Ahuy\",\n  tel: \"+33 3 80 60 02 80\"\n},{\n  placeName: \"Paris\", slug: \"paris\",\n  LatLng: [{lat: 48.856614, lng: 2.3522219}],\n  info: \" 42 Rue de Berri <br> 75008 Paris\",\n  tel: \"01 44 21 81 20\"\n},{\n  placeName: \"Nancy\", slug: \"nancy\",\n  LatLng: [{lat: 48.692054, lng: 6.184417}],\n  info: \"2 All\u00e9e des Tilleuls<br>54180 Heillecourt\",\n  tel: \"\"\n},{\n  placeName: \"Metz\", slug: \"metz\",\n  LatLng: [{lat: 49.1193089, lng: 6.1757156}],\n  info: \"2 All\u00e9e des Tilleuls<br>54180 Heillecourt\",\n  tel: \"\"\n},{\n  placeName: \"Caen\", slug: \"caen\",\n  LatLng: [{lat: 49.202736, lng: -0.388782}],\n  info: \"8 rue L\u00e9opold Sedar Senghor<br>14460 Colombelles\",\n  tel: \"02 35 21 77 14\"\n},{\n  placeName: \"Chalon\", slug: \"chalon\",\n  LatLng: [{lat: 46.780342, lng: 4.84636}],\n  info: \"30 Avenue Victor Hugo<br>71100 Chalon sur Sa\u00f4ne\",\n  tel: \"+33 3 80 60 02 80\"\n},{\n  placeName: \"Dunkerque\", slug: \"dunkerque\",\n  LatLng: [{lat: 51.00749, lng: 2.31162}],\n  info: \"1 Rue Galil\u00e9e<br>Parc de l'\u00c9toile - B\u00e2timent A<br>59760 Grande-Synthe\",\n  tel: \"+33 3 28 21 20 30\"\n},{\n  placeName: \"Hazebrouck\", slug: \"hazebrouck\",\n  LatLng: [{lat: 50.720253, lng: 2.539047}],\n  info: \"41 Avenue de Mal Delattre de Tassigny<br>59190 Hazebrouck\",\n  tel: \"+33 3 28 43 19 19\"\n},{\n  placeName: \"Henin Beaumont\", slug: \"henin-beaumont\",\n  LatLng: [{lat: 50.413812, lng: 2.969424}],\n  info: \"Ecoparc du Bord des Eaux<br>Boulevard Miroslav Holler<br>62110 H\u00e9nin-Beaumont\",\n  tel: \"+33 3 21 13 84 84\"\n},{\n  placeName: \"La Rochelle\", slug: \"la-rochelle\",\n  LatLng: [{lat: 46.139717, lng: -1.158811}],\n  info: \"3 Rue Alfred Kastler<br>17000 La Rochelle\",\n  tel: \"+33 5 40 00 02 00\"\n},{\n  placeName: \"Le Havre\", slug: \"le-havre\",\n  LatLng: [{lat: 49.504555, lng: 0.14006}],\n  info: \"132 Rue Salvador Allende<br>76610 Le Havre\",\n  tel: \"02 35 21 77 14\"\n},{\n  placeName: \"Lille\", slug: \"lille\",\n  LatLng: [{lat: 50.606365, lng: 3.046044}],\n  info: \"12 Rue de Cannes<br>59000 Lille\",\n  tel: \"+33 3 28 16 00 00\"\n},{\n  placeName: \"Lyon - Part Dieu\", slug: \"lyon-part-dieu\",\n  LatLng: [{lat: 45.763081, lng: 4.854892}],\n  info: \"20 Boulevard Eug\u00e8ne Deruelle<br>69003 Lyon\",\n  tel: \"+33 4 78 62 72 57\"\n},{\n  placeName: \"Marcq en Baroeul\", slug: \"marcq-en-baroeul\",\n  LatLng: [{lat: 50.672073, lng: 3.11764}],\n  info: \"Parc Europe<br>340 Avenue de la Marne - B\u00e2timent 10<br>59700 Marcq en Baroeul\",\n  tel: \"+33 3 20 89 04 04\"\n},{\n  placeName: \"Orleans\", slug: \"orleans\",\n  LatLng: [{lat: 47.908722, lng: 1.899613}],\n  info: \"4 Passage de la R\u00e2pe<br>Immeuble Val-de-Loire \u2013 1er \u00e9tage <br> Espace de bureaux REGUS<br>45000 Orl\u00e9ans\",\n  tel: \"+33 2 38 53 73 75\"\n},{\n  placeName: \"Rouen\", slug: \"rouen\",\n  LatLng: [{lat: 49.384567, lng: 1.021626}],\n  info: \"1690 Rue Aristide Briand<br>76650 Petit Couronne\",\n  tel: \"02 35 21 77 14\"\n},{\n  placeName: \"Toulouse\", slug: \"toulouse\",\n  LatLng: [{lat: 43.568222, lng: 1.388542}],\n  info: \"9 Rue Michel Labrousse<br>Park Avenue - Immeuble B\u00e9ryl 2<br>31100 Toulouse\",\n  tel: \"+33 5 61 44 10 77\"\n},{\n  placeName: \"Tours\", slug: \"tours\",\n  LatLng: [{lat: 47.43269, lng: 0.703955}],\n  info: \"25 Rue de la Milleti\u00e8re<br>37100 Tours\",\n  tel: \"+33 2 72 88 36 64\"\n},{\n  placeName: \"Valenciennes\", slug: \"valenciennes\",\n  LatLng: [{lat: 50.33812, lng: 3.451501}],\n  info: \"Parc d'activit\u00e9 de l'a\u00e9rodrome ouest<br>1 Rue Louis Duvant<br>59220 Rouvignies\",\n  tel: \"+33 3 27 29 49 49\"\n},{\n  placeName: \"Amiens\", slug: \"amiens\",\n  LatLng: [{lat: 49.8905202, lng: 2.3003733}],\n  info: \"3 Rue Caudron<br>80000 Amiens\",\n  tel: \"+33 3 22 52 15 05\"\n},{\n  placeName: \"Beauvais\", slug: \"beauvais\",\n  LatLng: [{lat: 49.431331, lng: 2.0795494}],\n  info: \"1 place Saint Barth\u00e9l\u00e9my<br>60000 Beauvais\",\n  tel: \"+33 3 44 14 00 85\"\n}\n];\n\nfunction addMarkerInfo() {for (var i = 0; i < markersOnMap.length; i++) {\n\n  if(markersOnMap[i].placeName == \"Paris\" || markersOnMap[i].placeName == \"Saint-Denis\" || markersOnMap[i].placeName == \"V\u00e9lizy-Villacoublay\" || markersOnMap[i].placeName == \"La D\u00e9fense\" || markersOnMap[i].placeName == \"Roissy\"){\n        var contentString = '<\/p><div id=\"content\"><h3>inlingua ' + markersOnMap[i].placeName +'<\/h3><p>' + markersOnMap[i].info + '<br>' + markersOnMap[i].tel + '<\/p><p><a href=\"https:\/\/www.inlinguaparis.com\/\" target=\"_blank\">Acc\u00e9der \u00e0 la page du centre<\/a><\/p><p><a href=\"https:\/\/www.inlinguaparis.com\/nous-contacter.php\" target=\"_blank\">Contactez-nous<\/a><\/p><\/div><p>';\n    }\n    else if(markersOnMap[i].placeName == \"Rouen\" || markersOnMap[i].placeName == \"Le Havre\" || markersOnMap[i].placeName == \"Caen\"){\n        var contentString = '<\/p><div id=\"content\"><h3>inlingua ' + markersOnMap[i].placeName +'<\/h3><p>' + markersOnMap[i].info + '<br>' + markersOnMap[i].tel + '<\/p><p><a ref=\"https:\/\/www.inlinguanormandie.com\/\" target=\"_blank\">Acc\u00e9der \u00e0 la page du centre<\/a><\/p><p><a href=\"https:\/\/www.inlinguanormandie.com\/contact\" target=\"_blank\">Contactez-nous<\/a><\/p><\/div><p>';    \n        }\n    else if(markersOnMap[i].placeName == \"Compiegne\" || markersOnMap[i].placeName == \"Amiens\" || markersOnMap[i].placeName == \"Beauvais\"){\n        var contentString = '<\/p><div id=\"content\"><h3>inlingua ' + markersOnMap[i].placeName +'<\/h3><p>' + markersOnMap[i].info + '<br>' + markersOnMap[i].tel + '<\/p><p><a href=\"https:\/\/www.inlinguapicardie.com\/\" target=\"_blank\">Acc\u00e9der \u00e0 la page du centre<\/a><\/p><p><a href=\"https:\/\/www.inlinguapicardie.com\/contact\" target=\"_blank\">Contactez-nous<\/a><\/p><\/div><p>';\n    }\n    else{\n        \/\/console.log(markersOnMap[i].placeName);\n        var contentString = '<\/p><div id=\"content\"><h3>inlingua ' + markersOnMap[i].placeName +'<\/h3><p>' + markersOnMap[i].info + '<br>' + markersOnMap[i].tel + '<\/p><p><a href=\"https:\/\/inlingua-france.fr\/centres\/inlingua-' + markersOnMap[i].slug + '\/\">Access the center page<\/a><\/p><p>';\n            if(markersOnMap[i].placeName == \"Metz\" || markersOnMap[i].placeName == \"Nancy\"){\n              contentString = contentString + '<\/p><p>&nbsp;<\/p><p>';\n            }\n            else{\n                contentString = contentString + '<\/p><p><a href=\"https:\/\/inlingua-france.fr\/centre-contacter\/?loc=' + markersOnMap[i].placeName + '#form\">Contact us<\/a><\/p><p>';            \n                }\n        contentString = contentString + '<\/div><p>'; \n    }\n    const marker = new google.maps.Marker({position: markersOnMap[i].LatLng[0], map: map});\n    const infowindow = new google.maps.InfoWindow({content: contentString, maxWidth: 350});\n\n    marker.addListener('click', function () {\n      closeOtherInfo();\n      infowindow.open(marker.get('map'), marker);\n      InforObj[0] = infowindow;\n    });\n  }\n}\nfunction closeOtherInfo() {\n  if (InforObj.length > 0) {\n    \/* detach the info-window from the marker ... undocumented in the API docs *\/\n    InforObj[0].set(\"marker\", null);\n    \/* and close it *\/\n    InforObj[0].close();\n    \/* blank the array *\/\n    InforObj.length = 0;\n  }\n}\n\nfunction initMap() {\n  map = new google.maps.Map(document.getElementById('map'), {zoom: 6, center: centerCords});\n  addMarkerInfo();\n}\n\n<\/script>\t\t\t\t<\/div>\n\t\t\t\t<\/div>\n\t\t\t\t<\/div>\n\t\t\t\t\t<\/div>\n\t\t\t\t<\/div>\n\t\t\t\t<section class=\"elementor-section elementor-top-section elementor-element elementor-element-3b1f168b elementor-section-boxed elementor-section-height-default elementor-section-height-default\" data-id=\"3b1f168b\" data-element_type=\"section\" data-e-type=\"section\">\n\t\t\t\t\t\t<div class=\"elementor-container elementor-column-gap-default\">\n\t\t\t\t\t<div class=\"elementor-column elementor-col-100 elementor-top-column elementor-element elementor-element-64234418\" data-id=\"64234418\" data-element_type=\"column\" data-e-type=\"column\">\n\t\t\t<div class=\"elementor-widget-wrap elementor-element-populated\">\n\t\t\t\t\t\t<div class=\"elementor-element elementor-element-48c91aa6 elementor-widget elementor-widget-text-editor\" data-id=\"48c91aa6\" data-element_type=\"widget\" data-e-type=\"widget\" data-widget_type=\"text-editor.default\">\n\t\t\t\t<div class=\"elementor-widget-container\">\n\t\t\t\t\t\t\t\t\t<p><a name=\"list\"><\/a><\/p><div class=\"white p4\"><div class=\"centre\"><div class=\"centres\"><strong>Amiens<\/strong><\/div><div class=\"centres\">+33 3 22 52 15 05<br \/><a href=\"https:\/\/www.inlinguapicardie.com\/\">Access the center<\/a><br \/><a href=\"https:\/\/www.inlinguapicardie.com\/contact\">Leave a message<\/a><\/div><div class=\"centres\">3 Rue Caudron.<br \/>80000 Amiens<\/div><div class=\"centres\"><strong>Autun<\/strong><\/div><div class=\"centres\">+33 3 80 600 280<br \/><a href=\"https:\/\/inlingua-france.fr\/centres\/inlingua-autun\/\">Access the center page<\/a><br \/><a href=\"https:\/\/inlingua-france.fr\/en\/contact-center\/?loc=Autun#form\">Leave a message<\/a><\/div><div class=\"centres\">20 Rue des Grandes Varennes<br \/>21121 Ahuy<\/div><div class=\"centres\"><strong>Beauvais<\/strong><\/div><div class=\"centres\">+33 3 44 14 00 85<br \/><a href=\"https:\/\/www.inlinguapicardie.com\/\">Access the center<\/a><br \/><a href=\"https:\/\/www.inlinguapicardie.com\/contact\">Leave a message<\/a><\/div><div class=\"centres\">1 place Saint Barth\u00e9l\u00e9my<br \/>60000 Beauvais<\/div><div class=\"centres\"><strong>Bordeaux<\/strong><\/div><div class=\"centres\">+33 5 56 17 10 33<br \/><a href=\"https:\/\/inlingua-france.fr\/en\/centers\/inlingua-bordeaux\/\">Access the center page<\/a><br \/><a href=\"https:\/\/inlingua-france.fr\/en\/contact-center\/?loc=Bordeaux#form\">Leave a message<\/a><\/div><div class=\"centres\">13 Avenue Henri Becquerel &#8211; Bat J<br \/>33700 M\u00e9rignac<\/div><div class=\"centres\"><strong>Boulogne-sur-mer<\/strong><\/div><div class=\"centres\">+33 3 21 10 50 10<br \/><a href=\"https:\/\/inlingua-france.fr\/centres\/inlingua-boulogne-sur-mer\/\">Access the center page<\/a><br \/><a href=\"https:\/\/inlingua-france.fr\/en\/contact-center\/?loc=Boulogne-sur-mer#form\">Leave a message<\/a><\/div><div class=\"centres\">30 Boulevard de la Liane<br \/>62360 Saint-L\u00e9onard<\/div><div class=\"centres\"><strong>Caen<\/strong><\/div><div class=\"centres\">02 35 21 77 14<br \/><a href=\"https:\/\/www.inlinguanormandie.com\">Access the center page<\/a><br \/><a href=\"https:\/\/www.inlinguanormandie.com\/contact\">Leave a message<\/a><\/div><div class=\"centres\">8 rue L\u00e9opold Sedar Senghor 14460 Colombelles<\/div><div class=\"centres\"><strong>Chalon<\/strong><\/div><div class=\"centres\">+33 3 80 600 280<br \/><a href=\"https:\/\/inlingua-france.fr\/en\/centers\/inlingua-chalon\/\">Access the center page<\/a><br \/><a href=\"https:\/\/inlingua-france.fr\/en\/contact-center\/?loc=Chalon#form\">Leave a message<\/a><\/div><div class=\"centres\">30 Avenue Victor Hugo<br \/>71100 Chalon sur Sa\u00f4ne<\/div><div class=\"centres\"><strong>Compiegne<\/strong><\/div><div class=\"centres\">02 35 21 77 14<br \/><a href=\"https:\/\/www.inlinguapicardie.com\">Access the center page<\/a><br \/><a href=\"https:\/\/www.inlinguapicardie.com\/contact\">Leave a message<\/a><\/div><div class=\"centres\">2 Rue Nicephore Niepce<br \/>60200 Compi\u00e8gne<\/div><div class=\"centres\"><strong>Dijon<\/strong><\/div><div class=\"centres\">+33 3 80 60 02 80<br \/><a href=\"https:\/\/inlingua-france.fr\/en\/centers\/inlingua-dijon\/\">Access the center page<\/a><br \/><a href=\"https:\/\/inlingua-france.fr\/en\/contact-center\/?loc=Dijon#form\">Leave a message<\/a><\/div><div class=\"centres\">20 Rue des Grandes Varennes<br \/>21121 Ahuy<\/div><div class=\"centres\"><strong>Dunkerque<\/strong><\/div><div class=\"centres\">+33 3 28 21 20 30<br \/><a href=\"https:\/\/inlingua-france.fr\/en\/centers\/inlingua-dunkerque\/\">Access the center page<\/a><br \/><a href=\"https:\/\/inlingua-france.fr\/en\/contact-center\/?loc=Dunkerque#form\">Leave a message<\/a><\/div><div class=\"centres\">1 Rue Galil\u00e9e<br \/>Parc de l&#8217;\u00c9toile &#8211; B\u00e2timent A<br \/>59760 Grande-Synthe<\/div><div class=\"centres\"><strong>Hazebrouck<\/strong><\/div><div class=\"centres\">+33 3 28 43 19 19<br \/><a href=\"https:\/\/inlingua-france.fr\/en\/centers\/inlingua-hazebrouck\/\">Access the center page<\/a><br \/><a href=\"https:\/\/inlingua-france.fr\/en\/contact-center\/?loc=Hazebrouck#form\">Leave a message<\/a><\/div><div class=\"centres\">41 Avenue de Mal Delattre de Tassigny<br \/>59190 Hazebrouck<\/div><div class=\"centres\"><strong>Henin Beaumont<\/strong><\/div><div class=\"centres\">+33 3 21 13 84 84<br \/><a href=\"https:\/\/inlingua-france.fr\/en\/centers\/inlingua-henin-beaumont\/\">Access the center page<\/a><br \/><a href=\"https:\/\/inlingua-france.fr\/en\/contact-center\/?loc=Henin%20Beaumont#form\">Leave a message<\/a><\/div><div class=\"centres\">Ecoparc du Bord des Eaux<br \/>Boulevard Miroslav Holler<br \/>62110 H\u00e9nin-Beaumont<\/div><div class=\"centres\"><strong>La D\u00e9fence<\/strong><\/div><div class=\"centres\">+33 1 44 21 81 20<br \/><a href=\"https:\/\/www.inlinguaparis.com\/\">Access the center page<\/a><br \/><a href=\"https:\/\/www.inlinguaparis.com\/contact\">Leave a message<\/a><\/div><div class=\"centres\">7 Cours Valmy 1<br \/>92800 Puteaux<\/div><div class=\"centres\"><strong>La Rochelle<\/strong><\/div><div class=\"centres\">+33 5 40 00 02 00<br \/><a href=\"https:\/\/inlingua-france.fr\/en\/centers\/inlingua-la-rochelle\/\">Access the center page<\/a><br \/><a href=\"https:\/\/inlingua-france.fr\/en\/contact-center\/?loc=La%20Rochelle#form\">Leave a message<\/a><\/div><div class=\"centres\">3 Rue Alfred Kastler<br \/>17000 La Rochelle<\/div><div class=\"centres\"><strong>Le Havre<\/strong><\/div><div class=\"centres\">02 35 21 77 14<br \/><a href=\"https:\/\/www.inlinguanormandie.com\">Access the center page<\/a><br \/><a href=\"https:\/\/www.inlinguanormandie.com\/contact\">Leave a message<\/a><\/div><div class=\"centres\">132 Rue Salvador Allende<br \/>76610 Le Havre<\/div><div class=\"centres\"><strong>Lille<\/strong><\/div><div class=\"centres\">+33 3 28 16 00 00<br \/><a href=\"https:\/\/inlingua-france.fr\/en\/centers\/inlingua-lille\/\">Access the center page<\/a><br \/><a href=\"https:\/\/inlingua-france.fr\/en\/contact-center\/?loc=Lille#form\">Leave a message<\/a><\/div><div class=\"centres\">12 Rue de Cannes<br \/>59000 Lille<\/div><div class=\"centres\"><strong>Lyon &#8211; Part Dieu<\/strong><\/div><div class=\"centres\">+33 4 78 62 72 57<br \/><a href=\"https:\/\/inlingua-france.fr\/en\/centers\/inlingua-lyon-part-dieu\/\">Access the center page<\/a><br \/><a href=\"https:\/\/inlingua-france.fr\/en\/contact-center\/?loc=Lyon%20-%20Part%20Dieu#form\">Leave a message<\/a><\/div><div class=\"centres\">20 Boulevard Eug\u00e8ne Deruelle<br \/>69003 Lyon<\/div><div class=\"centres\"><strong>Marcq en Baroeul<\/strong><\/div><div class=\"centres\">+33 3 20 89 04 04<br \/><a href=\"https:\/\/inlingua-france.fr\/en\/centers\/inlingua-marcq-en-baroeul\/\">Access the center page<\/a><br \/><a href=\"https:\/\/inlingua-france.fr\/en\/contact-center\/?loc=Marcq%20en%20Baroeul#form\">Leave a message<\/a><\/div><div class=\"centres\">Parc Europe<br \/>340 Avenue de la Marne &#8211; B\u00e2timent 10<br \/>59700 Marcq en Baroeul<\/div><div class=\"centres\"><strong>Orleans<\/strong><\/div><div class=\"centres\">+33 2 38 53 73 75<br \/><a href=\"https:\/\/inlingua-france.fr\/en\/centers\/inlingua-orleans\/\">Access the center page<\/a><br \/><a href=\"https:\/\/inlingua-france.fr\/en\/contact-center\/?loc=Orleans#form\">Leave a message<\/a><\/div><div class=\"centres\">2 Rue de Patay<br \/>45000 Orl\u00e9ans<\/div><div class=\"centres\"><strong>Paris<\/strong><\/div><div class=\"centres\">+33 1 44 21 81 20<br \/><a href=\"https:\/\/www.inlinguaparis.com\/\">Access the center page<\/a><br \/><a href=\"https:\/\/www.inlinguaparis.com\/contact\">Leave a message<\/a><\/div><div class=\"centres\">42 Rue de Berri<br \/>75008 Paris<\/div><div class=\"centres\"><strong>Rouen<\/strong><\/div><div class=\"centres\">02 35 21 77 14<br \/><a href=\"https:\/\/www.inlinguanormandie.com\">Access the center page<\/a><br \/><a href=\"https:\/\/www.inlinguanormandie.com\/contact\">Leave a message<\/a><\/div><div class=\"centres\">1690 Rue Aristide Briand<br \/>76650 Petit Couronne<\/div><div class=\"centres\"><strong>Saint-Denis<\/strong><\/div><div class=\"centres\">+33 1 44 21 81 20<br \/><a href=\"https:\/\/www.inlinguaparis.com\/\">Access the center page<\/a><br \/><a href=\"https:\/\/www.inlinguaparis.com\/contact\">Leave a message<\/a><\/div><div class=\"centres\">ZAC des Cornillons 7-11 Rue des gazom\u00e8tres<br \/>93210 La Plaine Saint-Denis<\/div><div class=\"centres\"><strong>Toulouse<\/strong><\/div><div class=\"centres\">+33 5 61 44 10 77<br \/><a href=\"https:\/\/inlingua-france.fr\/en\/centers\/inlingua-toulouse\/\">Access the center page<\/a><br \/><a href=\"https:\/\/inlingua-france.fr\/en\/contact-center\/?loc=Toulouse#form\">Leave a message<\/a><\/div><div class=\"centres\">9 Rue Michel Labrousse<br \/>Park Avenue &#8211; Immeuble B\u00e9ryl 2<br \/>31100 Toulouse<\/div><div class=\"centres\"><strong>Tours<\/strong><\/div><div class=\"centres\">+33 2 72 88 36 64<br \/><a href=\"https:\/\/inlingua-france.fr\/en\/centers\/inlingua-tours\/\">Access the center page<\/a><br \/><a href=\"https:\/\/inlingua-france.fr\/en\/contact-center\/?loc=Tours#form\">Leave a message<\/a><\/div><div class=\"centres\">25 Rue de la Milleti\u00e8re<br \/>37100 Tours<\/div><div class=\"centres\"><strong>Valenciennes<\/strong><\/div><div class=\"centres\">+33 3 27 29 49 49<br \/><a href=\"https:\/\/inlingua-france.fr\/en\/centers\/inlingua-valenciennes\/\">Access the center page<\/a><br \/><a href=\"https:\/\/inlingua-france.fr\/en\/contact-center\/?loc=Valenciennes#form\">Leave a message<\/a><\/div><div class=\"centres\">Parc d&#8217;activit\u00e9 de l&#8217;a\u00e9rodrome ouest<br \/>1 Rue Louis Duvant<br \/>59220 Rouvignies<\/div><\/div><\/div>\t\t\t\t\t\t\t\t<\/div>\n\t\t\t\t<\/div>\n\t\t\t\t\t<\/div>\n\t\t<\/div>\n\t\t\t\t\t<\/div>\n\t\t<\/section>\n\t\t\t\t<\/div>\n\t\t","protected":false},"excerpt":{"rendered":"<p>Contact the inlingua center closest to you ! Amiens+33 3 22 52 15 05Access the centerLeave a message3 Rue Caudron.80000 AmiensAutun+33 3 80 600 280Access the center pageLeave a message20 Rue des Grandes Varennes21121 AhuyBeauvais+33 3 44 14 00 85Access the centerLeave a message1 place Saint Barth\u00e9l\u00e9my60000 BeauvaisBordeaux+33 5 56 17 10 33Access the center &#8230; <a title=\"Centers\" class=\"read-more\" href=\"https:\/\/inlingua-france.fr\/en\/centers\/\" aria-label=\"Read more about Centers\">Read more<\/a><\/p>\n","protected":false},"author":3,"featured_media":0,"parent":0,"menu_order":0,"comment_status":"closed","ping_status":"closed","template":"","meta":{"_acf_changed":false,"_seopress_robots_primary_cat":"","_seopress_titles_title":"","_seopress_titles_desc":"","_seopress_robots_index":"","footnotes":""},"class_list":["post-1346","page","type-page","status-publish"],"acf":[],"_links":{"self":[{"href":"https:\/\/inlingua-france.fr\/en\/wp-json\/wp\/v2\/pages\/1346","targetHints":{"allow":["GET"]}}],"collection":[{"href":"https:\/\/inlingua-france.fr\/en\/wp-json\/wp\/v2\/pages"}],"about":[{"href":"https:\/\/inlingua-france.fr\/en\/wp-json\/wp\/v2\/types\/page"}],"author":[{"embeddable":true,"href":"https:\/\/inlingua-france.fr\/en\/wp-json\/wp\/v2\/users\/3"}],"replies":[{"embeddable":true,"href":"https:\/\/inlingua-france.fr\/en\/wp-json\/wp\/v2\/comments?post=1346"}],"version-history":[{"count":130,"href":"https:\/\/inlingua-france.fr\/en\/wp-json\/wp\/v2\/pages\/1346\/revisions"}],"predecessor-version":[{"id":75034,"href":"https:\/\/inlingua-france.fr\/en\/wp-json\/wp\/v2\/pages\/1346\/revisions\/75034"}],"wp:attachment":[{"href":"https:\/\/inlingua-france.fr\/en\/wp-json\/wp\/v2\/media?parent=1346"}],"curies":[{"name":"wp","href":"https:\/\/api.w.org\/{rel}","templated":true}]}}